{"id":45,"date":"2024-05-27T13:26:18","date_gmt":"2024-05-27T11:26:18","guid":{"rendered":"http:\/\/www.gitelesvoletsbleus.com\/gite\/?page_id=45"},"modified":"2024-05-27T14:07:46","modified_gmt":"2024-05-27T12:07:46","slug":"les-bonnes-adresses","status":"publish","type":"page","link":"http:\/\/www.gitelesvoletsbleus.com\/gite\/index.php\/les-bonnes-adresses\/","title":{"rendered":"Les bonnes adresses"},"content":{"rendered":"\n<p>La poste<\/p>\n\n\n\n<p><\/p>\n\n\n\n<hr class=\"wp-block-separator has-alpha-channel-opacity\"\/>\n\n\n\n<p><strong>La pharmacie<\/strong><\/p>\n\n\n\n<p>25 place des Laurisiens<\/p>\n\n\n\n<p>Remilly sur Lozon<\/p>\n\n\n\n<p>50570 REMILLY-LES-MARAIS<\/p>\n\n\n\n<p>T\u00e9l : 02 33 55 03 25<\/p>\n\n\n\n<p>Fax : 02 33 55 98 11<\/p>\n\n\n\n<p>Ouvert du lundi au vendredi de 9h15 \u00e0 12h30 et de 14h30 \u00e0 19h30<\/p>\n\n\n\n<p>le samedi de 9h15 \u00e0 12h30<\/p>\n\n\n\n<p>Ferm\u00e9 le samedi&nbsp;<strong>apr\u00e8s midi<\/strong>&nbsp;et le dimanche<\/p>\n\n\n\n<hr class=\"wp-block-separator has-alpha-channel-opacity\"\/>\n\n\n\n<p><strong>L&#8217;\u00e9picerie &#8220;Proxi<\/strong>&#8220;<\/p>\n\n\n\n<p>Place des Laurisiens<\/p>\n\n\n\n<p>Remilly sur lozon<\/p>\n\n\n\n<p>50570 REMILLY-LES-MARAIS<\/p>\n\n\n\n<p>T\u00e9l&nbsp;: 02 33 56 22 29<\/p>\n\n\n\n<p>Epicerie &#8211; Primeur &#8211; Journaux &#8211; Gaz &#8211; Tabac<\/p>\n\n\n\n<p>Ouvert\u00a0du lundi au samedi de 8h30 \u00e0 13h00 et de 15h00 \u00e0 19h30<\/p>\n\n\n\n<p>et le dimanche de 9h00 \u00e0 13h00<\/p>\n\n\n\n<hr class=\"wp-block-separator has-alpha-channel-opacity\"\/>\n\n\n\n<p>Le cabinet de t\u00e9l\u00e9m\u00e9decine<\/p>\n\n\n\n<p><\/p>\n\n\n\n<hr class=\"wp-block-separator has-alpha-channel-opacity\"\/>\n\n\n\n<p><strong>Le restaurant &#8220;Le Minn&#8217;Got\u00a0&#8220;<\/strong><\/p>\n\n\n\n<p>1, rue de la Borderie<\/p>\n\n\n\n<p>Le Mesnil-Vigot<\/p>\n\n\n\n<p>50570 REMILLY-LES-MARAIS<\/p>\n\n\n\n<p>T\u00e9l&nbsp;: 02 33 55 07 94<\/p>\n\n\n\n<p>Bar &#8211; Restaurant &#8211;&nbsp;Presse &#8211; Tabac &#8211; Timbres &#8211; &nbsp;jeux de grattage &#8211;&nbsp;d\u00e9p\u00f4t de pain.<\/p>\n\n\n\n<p>Salle de 40 couverts &#8211;\u00a0possibilit\u00e9 de banquets<\/p>\n\n\n\n<p>Ouvert du lundi au vendredi de 7h \u00e0 19h30<\/p>\n\n\n\n<p>Ferm\u00e9 le samedi et le dimanche<\/p>\n","protected":false},"excerpt":{"rendered":"<p>La poste La pharmacie 25 place des Laurisiens Remilly sur Lozon 50570 REMILLY-LES-MARAIS T\u00e9l : 02 33 55 03 25 Fax : 02 33 55 98 11 Ouvert du lundi au vendredi de 9h15 \u00e0 12h30 et de 14h30 \u00e0 19h30 le samedi de 9h15 \u00e0 12h30 Ferm\u00e9 le samedi&nbsp;apr\u00e8s midi&nbsp;et le dimanche L&#8217;\u00e9picerie &#8220;Proxi&#8220; [&hellip;]<\/p>\n","protected":false},"author":1,"featured_media":0,"parent":0,"menu_order":0,"comment_status":"closed","ping_status":"closed","template":"","meta":{"footnotes":""},"class_list":["post-45","page","type-page","status-publish","hentry"],"_links":{"self":[{"href":"http:\/\/www.gitelesvoletsbleus.com\/gite\/index.php\/wp-json\/wp\/v2\/pages\/45","targetHints":{"allow":["GET"]}}],"collection":[{"href":"http:\/\/www.gitelesvoletsbleus.com\/gite\/index.php\/wp-json\/wp\/v2\/pages"}],"about":[{"href":"http:\/\/www.gitelesvoletsbleus.com\/gite\/index.php\/wp-json\/wp\/v2\/types\/page"}],"author":[{"embeddable":true,"href":"http:\/\/www.gitelesvoletsbleus.com\/gite\/index.php\/wp-json\/wp\/v2\/users\/1"}],"replies":[{"embeddable":true,"href":"http:\/\/www.gitelesvoletsbleus.com\/gite\/index.php\/wp-json\/wp\/v2\/comments?post=45"}],"version-history":[{"count":5,"href":"http:\/\/www.gitelesvoletsbleus.com\/gite\/index.php\/wp-json\/wp\/v2\/pages\/45\/revisions"}],"predecessor-version":[{"id":76,"href":"http:\/\/www.gitelesvoletsbleus.com\/gite\/index.php\/wp-json\/wp\/v2\/pages\/45\/revisions\/76"}],"wp:attachment":[{"href":"http:\/\/www.gitelesvoletsbleus.com\/gite\/index.php\/wp-json\/wp\/v2\/media?parent=45"}],"curies":[{"name":"wp","href":"https:\/\/api.w.org\/{rel}","templated":true}]}}